{"id":477,"date":"2021-03-29T07:26:02","date_gmt":"2021-03-29T07:26:02","guid":{"rendered":"http:\/\/espaisbcn.local\/contact\/"},"modified":"2026-04-09T10:09:07","modified_gmt":"2026-04-09T10:09:07","slug":"contact","status":"publish","type":"page","link":"https:\/\/filmacions.bsmsa.cat\/es\/contact\/","title":{"rendered":"Contact"},"content":{"rendered":"<div class=\"bm-builder clearfix \"><div id=\"contact-title\" class=\"module col-12 module-id-1775729344978\" data-module-col=\"12\"><div class=\"module-inside text-inside\" style=\"--top-mod: 60px;--bottom-mod: 0px;--top-mod-t: 60px;--bottom-mod-t: 0px;--top-mod-m:30px;--bottom-mod-m:0px;\" ><div class=\"text_block_out\"  data-effect=\"standard\" style=\"\"><div class=\"text_block ux-mod-nobg\"><div class=\"text_block_inn\"><div id=\"text-1775729344978\" class=\"text_block_centered text_block_centered_enable_width\"  style=\"\"><h3>Cont\u00e1ctanos<\/h3><\/div><\/div><\/div><\/div><\/div><\/div><div id=\"contact-form\" class=\"module col-8 module-id-1775729345890\" data-module-col=\"8\"><div class=\"module-inside contact-form-inside\" style=\"--top-mod: 20px;--bottom-mod: 0px;--top-mod-t: 20px;--bottom-mod-t: 0px;--top-mod-m:10px;--bottom-mod-m:0px;\" ><div class=\"contactform ux-mod-nobg \"  style=\"\"><form action=\"\" id=\"contact-form\" class=\"contact_form\" method=\"POST\"><div class=\"contactform-input\"><input type=\"text\" name=\"idi_name\" class=\"requiredField\" placeholder=\"Nombre\" value=\"\" \/><\/div><div class=\"contactform-input\"><input type=\"text\" name=\"idi_mail\" class=\"requiredField email\" placeholder=\"Email\" value=\"\" \/><\/div><div><textarea rows=\"4\" name=\"idi_text\" cols=\"4\" class=\"requiredField inputError\" placeholder=\"Tu mensaje\" ><\/textarea><\/div><input type=\"hidden\" class=\"info-tip\" value=\"send\" name=\"contact_form\" data-message=\"Gracias por tu mensaje. Responderemos lo antes posible.\" data-sending=\"Sending\" data-required=\"Required\" data-invalidemail=\"Required\" \/><div class=\"privacy-policy\"><input type=\"checkbox\" name=\"idi_privacy_policy\" id=\"idi_privacy_policy_1775729345890\" \/><label for=\"idi_privacy_policy_1775729345890\">He le\u00eddo y acepto la <a href=\"politica-privacidad\/#Privacy\" target=\"_blank\">Pol\u00edtica de Privacidad<\/a><\/label><\/div><div class=\"btnarea\"><input type=\"submit\" class=\"idi_send form-btn\" name=\"idi_send\"disabled=\"disabled\" value=\"Enviar\" \/><\/div><\/form><\/div><\/div><\/div><div id=\"contact-info\" class=\"module col-12 module-id-1775729346712\" data-module-col=\"12\"><div class=\"module-inside text-inside\" style=\"--top-mod: 0px;--bottom-mod: 0px;--top-mod-t: 0px;--bottom-mod-t: 0px;--top-mod-m:0px;--bottom-mod-m:0px;\" ><div class=\"text_block_out\"  data-effect=\"standard\" style=\"\"><div class=\"text_block ux-mod-nobg\"><div class=\"text_block_inn\"><div id=\"text-1775729346712\" class=\"text_block_centered text_block_centered_enable_width\"  style=\"\"><p>Email: filmacions@mediapro.tv<\/p><\/div><\/div><\/div><\/div><\/div><\/div><\/div>","protected":false},"excerpt":{"rendered":"<p>Cont\u00e1ctanosHe le\u00eddo y acepto la Pol\u00edtica de PrivacidadEmail: filmacions@mediapro.tv<\/p>\n","protected":false},"author":1,"featured_media":0,"parent":0,"menu_order":0,"comment_status":"closed","ping_status":"closed","template":"","meta":{"footnotes":""},"class_list":["post-477","page","type-page","status-publish","hentry"],"_links":{"self":[{"href":"https:\/\/filmacions.bsmsa.cat\/es\/wp-json\/wp\/v2\/pages\/477","targetHints":{"allow":["GET"]}}],"collection":[{"href":"https:\/\/filmacions.bsmsa.cat\/es\/wp-json\/wp\/v2\/pages"}],"about":[{"href":"https:\/\/filmacions.bsmsa.cat\/es\/wp-json\/wp\/v2\/types\/page"}],"author":[{"embeddable":true,"href":"https:\/\/filmacions.bsmsa.cat\/es\/wp-json\/wp\/v2\/users\/1"}],"replies":[{"embeddable":true,"href":"https:\/\/filmacions.bsmsa.cat\/es\/wp-json\/wp\/v2\/comments?post=477"}],"version-history":[{"count":5,"href":"https:\/\/filmacions.bsmsa.cat\/es\/wp-json\/wp\/v2\/pages\/477\/revisions"}],"predecessor-version":[{"id":2049,"href":"https:\/\/filmacions.bsmsa.cat\/es\/wp-json\/wp\/v2\/pages\/477\/revisions\/2049"}],"wp:attachment":[{"href":"https:\/\/filmacions.bsmsa.cat\/es\/wp-json\/wp\/v2\/media?parent=477"}],"curies":[{"name":"wp","href":"https:\/\/api.w.org\/{rel}","templated":true}]}}