{"id":452,"date":"2022-10-19T09:28:40","date_gmt":"2022-10-19T09:28:40","guid":{"rendered":"http:\/\/espaisbcn.local\/locations\/"},"modified":"2022-11-17T12:53:58","modified_gmt":"2022-11-17T12:53:58","slug":"locations","status":"publish","type":"page","link":"https:\/\/filmacions.bsmsa.cat\/es\/","title":{"rendered":"Ubicaciones"},"content":{"rendered":"<div class=\"bm-builder clearfix \"><div id=\"\" class=\"module col-0 module-id-1666276972121 bm-wrap row-top row-left\" data-module-col=\"0\" data-change-color=\"off\" data-backcolor=\"transparent\" data-frontcolor=\"\" data-logocolor=\"\" data-goto-top=\"off\" data-goto-top-spacing=\"0\" data-goto-disable-m=\"off\" data-groupsameheight=\"off\"><div class=\"module-inside group-inside\" style=\"--cornerRadius:0px 0px 0px 0px ; --cornerRadiusM:0px 0px 0px 0px ; --top-mod: 0px;--bottom-mod: 0px;--top-mod-t: 0px;--bottom-mod-t: 0px;--top-mod-m:0px;--bottom-mod-m:0px;\" ><div class=\"background-video\" style=\"--maskOpacity:0.00000001;--maskColor:#000000;\"><video style=\"\" class=\"lazy\" loop autoplay muted playsinline><source data-src=\"https:\/\/filmacions.bsmsa.cat\/wp-content\/uploads\/2022\/11\/Presentacio-BCN.mp4\" type=\"video\/mp4\"><\/video><\/div><\/div><\/div><div id=\"\" class=\"module col-12 module-id-1666276972405\" data-module-col=\"12\"><div class=\"module-inside text-inside\" style=\"--top-mod: 0px;--bottom-mod: 0px;--top-mod-t: 0px;--bottom-mod-t: 0px;--top-mod-m:0px;--bottom-mod-m:0px;\" ><div class=\"text_block_out\"  data-effect=\"standard\" style=\"\"><div class=\"text_block ux-mod-nobg\"><div class=\"text_block_inn\"><div id=\"text-1666276972405\" class=\"text_block_centered text_block_centered_enable_width\"  style=\"\"><div class=\"heading-locations\">\n<h1>Filmacions BSM<\/h1>\n<div class=\"subtitle\">Filmacions BSM ofrece las mejores ubicaciones para los creadores que muestran Barcelona desde diferentes \u00e1ngulos.<\/div>\n<\/div>\n<div class=\"manage-areas\">\n<div class=\"col-6\">\n<div class=\"title-area\">Gestionamos \u00e1reas como&#8230;<\/div>\n<\/div>\n<div class=\"col-6\">\n<div class=\"area-content\">\n<h2>El Parque de Atracciones del Tibidabo<\/h2>\nConsagrado en la industria del cine y la fotograf\u00eda como un plat\u00f3 ideal, donde se ha rodado entre otras Vicky Cristina Barcelona de Woody Allen.<\/div>\n<div class=\"area-content\">\n<h2>El Parque del Forum<\/h2>\ncon varios amplios espacios vers\u00e1tiles es ideal para rodajes comerciales y fotograf\u00edas. Varios aparcamientos p\u00fablicos de la ciudad, estaciones de autobuses y el Zoo tambi\u00e9n est\u00e1n gestionados por Filmacions BSM.<\/div>\n<\/div>\n<\/div>\n<div class=\"hihglight-text\">\n<div class=\"content-text\">En definitiva, somos el socio <strong>oficial<\/strong> de la ciudad para gestionar y proporcionar ubicaciones <strong>\u00fanicas<\/strong> e <strong>ic\u00f3nicas<\/strong> en la ciudad de Barcelona para sus producciones.<\/div>\n<\/div><\/div><\/div><\/div><\/div><\/div><\/div><div id=\"zone-map\" class=\"module col-0 module-id-1666617713283\" data-module-col=\"0\"><div class=\"module-inside embed-inside\" style=\"--cornerRadius:0px 0px 0px 0px ; --cornerRadiusM:0px 0px 0px 0px ; --top-mod: 0px;--bottom-mod: 0px;--top-mod-t: 0px;--bottom-mod-t: 0px;--top-mod-m:0px;--bottom-mod-m:0px;\" ><div class=\"embed-wrap  \" style=\"\" ><iframe src=\"\/wp-content\/themes\/arnold2-child\/zone-map-es.php\"><\/iframe><\/div><\/div><\/div><div id=\"masonry-locations\" class=\"module col-0 module-id-1666276973117\" data-module-col=\"0\"><div class=\"module-inside masonry-grid-inside\" style=\"--cornerRadius:0px 0px 0px 0px ; --cornerRadiusM:0px 0px 0px 0px ; --top-mod: 0px;--bottom-mod: 0px;--top-mod-t: 0px;--bottom-mod-t: 0px;--top-mod-m:0px;--bottom-mod-m:0px;\" ><div class=\"ux-portfolio-full bm-masonry-grid \" data-found=\"7\" data-number=\"20\"><div class=\"grid-stack grid-stack-1666276973117  grid-text-right masonry-grid-show-text    hidden   mouseover-no-effect\" data-spacing-h=\"0\" data-spacing-v=\"0\" data-spacing-mobile-h=\"0\" data-spacing-mobile-v=\"0\" data-item-style=\"image-text\" data-number=\"20\" data-unique=\"1666276973117\" ><section class=\"grid-stack-item sea-grid-item  filter_zonas-es\" data-postid=\"1751\" data-gs-x=\"0\" data-gs-y=\"40\" data-gs-width=\"13\" data-gs-height=\"12\" data-tit=\"PARKINGS BSM\"><div class=\"grid-stack-item-content\"><div class=\"grid-item-inside \" ><div class=\"grid-item-con sea-grid-item-con  post--1751\" ><a href=\"https:\/\/filmacions.bsmsa.cat\/es\/parking\/\"   class=\"grid-item-mask-link\"><\/a><\/div><div class=\"brick-content ux-lazyload-wrap  \" style=\" padding-top: 66.666666666667%;\"><img decoding=\"async\" src=\"data:image\/gif;base64,R0lGODlhAQABAIAAAAAAAP\/\/\/yH5BAEAAAAALAAAAAABAAEAAAIBRAA7\" data-src=\"https:\/\/filmacions.bsmsa.cat\/wp-content\/uploads\/2022\/11\/23_parking_marques_de_mulhacen_barcelona_location_bsm.jpg\" data-srcset=\"https:\/\/filmacions.bsmsa.cat\/wp-content\/uploads\/2022\/11\/23_parking_marques_de_mulhacen_barcelona_location_bsm.jpg 1800w, https:\/\/filmacions.bsmsa.cat\/wp-content\/uploads\/2022\/11\/23_parking_marques_de_mulhacen_barcelona_location_bsm-300x200.jpg 300w, https:\/\/filmacions.bsmsa.cat\/wp-content\/uploads\/2022\/11\/23_parking_marques_de_mulhacen_barcelona_location_bsm-1024x683.jpg 1024w, https:\/\/filmacions.bsmsa.cat\/wp-content\/uploads\/2022\/11\/23_parking_marques_de_mulhacen_barcelona_location_bsm-768x512.jpg 768w, https:\/\/filmacions.bsmsa.cat\/wp-content\/uploads\/2022\/11\/23_parking_marques_de_mulhacen_barcelona_location_bsm-1536x1024.jpg 1536w, https:\/\/filmacions.bsmsa.cat\/wp-content\/uploads\/2022\/11\/23_parking_marques_de_mulhacen_barcelona_location_bsm-350x233.jpg 350w, https:\/\/filmacions.bsmsa.cat\/wp-content\/uploads\/2022\/11\/23_parking_marques_de_mulhacen_barcelona_location_bsm-arnold-standard-thumb-650x433.jpg 650w, https:\/\/filmacions.bsmsa.cat\/wp-content\/uploads\/2022\/11\/23_parking_marques_de_mulhacen_barcelona_location_bsm-arnold-standard-thumb-medium-1000x667.jpg 1000w\" data-sizes=\"(max-width: 480px) 320px,(max-width: 767px) 500px,(max-width: 1800px) 100vw, 1800px\" alt=\"PARKINGS BSM\" data-xx=\"13\" class=\"grid-item-img ux-background-img-1st lazy\"><div class=\"grid-item-con-text-show\"><h2 class=\"grid-item-tit\">PARKINGS BSM<\/h2><\/div><\/div><\/div><\/div><\/section><section class=\"grid-stack-item sea-grid-item  filter_zonas-es\" data-postid=\"1845\" data-gs-x=\"15\" data-gs-y=\"33\" data-gs-width=\"9\" data-gs-height=\"10\" data-tit=\"PUERTO OL\u00cdMPICO\"><div class=\"grid-stack-item-content\"><div class=\"grid-item-inside \" ><div class=\"grid-item-con sea-grid-item-con  post--1845\" ><a href=\"https:\/\/filmacions.bsmsa.cat\/es\/port\/\"   class=\"grid-item-mask-link\"><\/a><\/div><div class=\"brick-content ux-lazyload-wrap  \" style=\" padding-top: 75%;\"><img decoding=\"async\" src=\"data:image\/gif;base64,R0lGODlhAQABAIAAAAAAAP\/\/\/yH5BAEAAAAALAAAAAABAAEAAAIBRAA7\" data-src=\"https:\/\/filmacions.bsmsa.cat\/wp-content\/uploads\/2022\/11\/Port-olimpic-19-2000x1500.jpg\" data-srcset=\"https:\/\/filmacions.bsmsa.cat\/wp-content\/uploads\/2022\/11\/Port-olimpic-19-scaled-arnold-thumb-43-big-2000x1500.jpg 2000w, https:\/\/filmacions.bsmsa.cat\/wp-content\/uploads\/2022\/11\/Port-olimpic-19-300x225.jpg 300w, https:\/\/filmacions.bsmsa.cat\/wp-content\/uploads\/2022\/11\/Port-olimpic-19-1024x768.jpg 1024w, https:\/\/filmacions.bsmsa.cat\/wp-content\/uploads\/2022\/11\/Port-olimpic-19-768x576.jpg 768w, https:\/\/filmacions.bsmsa.cat\/wp-content\/uploads\/2022\/11\/Port-olimpic-19-1536x1152.jpg 1536w, https:\/\/filmacions.bsmsa.cat\/wp-content\/uploads\/2022\/11\/Port-olimpic-19-2048x1536.jpg 2048w, https:\/\/filmacions.bsmsa.cat\/wp-content\/uploads\/2022\/11\/Port-olimpic-19-350x263.jpg 350w, https:\/\/filmacions.bsmsa.cat\/wp-content\/uploads\/2022\/11\/Port-olimpic-19-scaled-arnold-standard-thumb-650x488.jpg 650w, https:\/\/filmacions.bsmsa.cat\/wp-content\/uploads\/2022\/11\/Port-olimpic-19-scaled-arnold-thumb-43-medium-1000x750.jpg 1000w\" data-sizes=\"(max-width: 480px) 320px,(max-width: 767px) 500px,(max-width: 2000px) 100vw, 2000px\" alt=\"PUERTO OL\u00cdMPICO\" data-xx=\"9\" class=\"grid-item-img ux-background-img-1st lazy\"><div class=\"grid-item-con-text-show\"><h2 class=\"grid-item-tit\">PUERTO OL\u00cdMPICO<\/h2><\/div><\/div><\/div><\/div><\/section><section class=\"grid-stack-item sea-grid-item  filter_zonas-es\" data-postid=\"1855\" data-gs-x=\"0\" data-gs-y=\"27\" data-gs-width=\"9\" data-gs-height=\"10\" data-tit=\"ZOO DE BARCELONA\"><div class=\"grid-stack-item-content\"><div class=\"grid-item-inside \" ><div class=\"grid-item-con sea-grid-item-con  post--1855\" ><a href=\"https:\/\/filmacions.bsmsa.cat\/es\/zoo\/\"   class=\"grid-item-mask-link\"><\/a><\/div><div class=\"brick-content ux-lazyload-wrap  \" style=\" padding-top: 66.666666666667%;\"><img decoding=\"async\" src=\"data:image\/gif;base64,R0lGODlhAQABAIAAAAAAAP\/\/\/yH5BAEAAAAALAAAAAABAAEAAAIBRAA7\" data-src=\"https:\/\/filmacions.bsmsa.cat\/wp-content\/uploads\/2022\/11\/003_zoo_interiors_barcelona_location_bsm.jpg\" data-srcset=\"https:\/\/filmacions.bsmsa.cat\/wp-content\/uploads\/2022\/11\/003_zoo_interiors_barcelona_location_bsm.jpg 1800w, https:\/\/filmacions.bsmsa.cat\/wp-content\/uploads\/2022\/11\/003_zoo_interiors_barcelona_location_bsm-300x200.jpg 300w, https:\/\/filmacions.bsmsa.cat\/wp-content\/uploads\/2022\/11\/003_zoo_interiors_barcelona_location_bsm-1024x683.jpg 1024w, https:\/\/filmacions.bsmsa.cat\/wp-content\/uploads\/2022\/11\/003_zoo_interiors_barcelona_location_bsm-768x512.jpg 768w, https:\/\/filmacions.bsmsa.cat\/wp-content\/uploads\/2022\/11\/003_zoo_interiors_barcelona_location_bsm-1536x1024.jpg 1536w, https:\/\/filmacions.bsmsa.cat\/wp-content\/uploads\/2022\/11\/003_zoo_interiors_barcelona_location_bsm-350x233.jpg 350w, https:\/\/filmacions.bsmsa.cat\/wp-content\/uploads\/2022\/11\/003_zoo_interiors_barcelona_location_bsm-arnold-standard-thumb-650x433.jpg 650w, https:\/\/filmacions.bsmsa.cat\/wp-content\/uploads\/2022\/11\/003_zoo_interiors_barcelona_location_bsm-arnold-standard-thumb-medium-1000x667.jpg 1000w\" data-sizes=\"(max-width: 480px) 320px,(max-width: 767px) 500px,(max-width: 1800px) 100vw, 1800px\" alt=\"ZOO DE BARCELONA\" data-xx=\"9\" class=\"grid-item-img ux-background-img-1st lazy\"><div class=\"grid-item-con-text-show\"><h2 class=\"grid-item-tit\">ZOO DE BARCELONA<\/h2><\/div><\/div><\/div><\/div><\/section><section class=\"grid-stack-item sea-grid-item  filter_zonas-es\" data-postid=\"1866\" data-gs-x=\"11\" data-gs-y=\"19\" data-gs-width=\"13\" data-gs-height=\"12\" data-tit=\"ESTACI\u00d3N BARCELONA NORTE\"><div class=\"grid-stack-item-content\"><div class=\"grid-item-inside \" ><div class=\"grid-item-con sea-grid-item-con  post--1866\" ><a href=\"https:\/\/filmacions.bsmsa.cat\/es\/estacio\/\"   class=\"grid-item-mask-link\"><\/a><\/div><div class=\"brick-content ux-lazyload-wrap  \" style=\" padding-top: 66.666666666667%;\"><img decoding=\"async\" src=\"data:image\/gif;base64,R0lGODlhAQABAIAAAAAAAP\/\/\/yH5BAEAAAAALAAAAAABAAEAAAIBRAA7\" data-src=\"https:\/\/filmacions.bsmsa.cat\/wp-content\/uploads\/2022\/11\/005_estacio_del_nord_barcelona_location_bsm.jpg\" data-srcset=\"https:\/\/filmacions.bsmsa.cat\/wp-content\/uploads\/2022\/11\/005_estacio_del_nord_barcelona_location_bsm.jpg 1800w, https:\/\/filmacions.bsmsa.cat\/wp-content\/uploads\/2022\/11\/005_estacio_del_nord_barcelona_location_bsm-300x200.jpg 300w, https:\/\/filmacions.bsmsa.cat\/wp-content\/uploads\/2022\/11\/005_estacio_del_nord_barcelona_location_bsm-1024x683.jpg 1024w, https:\/\/filmacions.bsmsa.cat\/wp-content\/uploads\/2022\/11\/005_estacio_del_nord_barcelona_location_bsm-768x512.jpg 768w, https:\/\/filmacions.bsmsa.cat\/wp-content\/uploads\/2022\/11\/005_estacio_del_nord_barcelona_location_bsm-1536x1024.jpg 1536w, https:\/\/filmacions.bsmsa.cat\/wp-content\/uploads\/2022\/11\/005_estacio_del_nord_barcelona_location_bsm-350x233.jpg 350w, https:\/\/filmacions.bsmsa.cat\/wp-content\/uploads\/2022\/11\/005_estacio_del_nord_barcelona_location_bsm-arnold-standard-thumb-650x433.jpg 650w, https:\/\/filmacions.bsmsa.cat\/wp-content\/uploads\/2022\/11\/005_estacio_del_nord_barcelona_location_bsm-arnold-standard-thumb-medium-1000x667.jpg 1000w\" data-sizes=\"(max-width: 480px) 320px,(max-width: 767px) 500px,(max-width: 1800px) 100vw, 1800px\" alt=\"ESTACI\u00d3N BARCELONA NORTE\" data-xx=\"13\" class=\"grid-item-img ux-background-img-1st lazy\"><div class=\"grid-item-con-text-show\"><h2 class=\"grid-item-tit\">ESTACI\u00d3N BARCELONA NORTE<\/h2><\/div><\/div><\/div><\/div><\/section><section class=\"grid-stack-item sea-grid-item  filter_zonas-es\" data-postid=\"1876\" data-gs-x=\"0\" data-gs-y=\"15\" data-gs-width=\"9\" data-gs-height=\"9\" data-tit=\"PARQUE DE ATRACCIONES TIBIDABO\"><div class=\"grid-stack-item-content\"><div class=\"grid-item-inside \" ><div class=\"grid-item-con sea-grid-item-con  post--1876\" ><a href=\"https:\/\/filmacions.bsmsa.cat\/es\/tibidabo\/\"   class=\"grid-item-mask-link\"><\/a><\/div><div class=\"brick-content ux-lazyload-wrap  \" style=\" padding-top: 66.666666666667%;\"><img decoding=\"async\" src=\"data:image\/gif;base64,R0lGODlhAQABAIAAAAAAAP\/\/\/yH5BAEAAAAALAAAAAABAAEAAAIBRAA7\" data-src=\"https:\/\/filmacions.bsmsa.cat\/wp-content\/uploads\/2022\/10\/010_tibidabo_exterior_barcelona_bsm_location.jpg\" data-srcset=\"\" data-sizes=\"(max-width: 480px) 320px,(max-width: 767px) 500px,(max-width: 1800px) 100vw, 1800px\" alt=\"PARQUE DE ATRACCIONES TIBIDABO\" data-xx=\"9\" class=\"grid-item-img ux-background-img-1st lazy\"><div class=\"grid-item-con-text-show\"><h2 class=\"grid-item-tit\">PARQUE DE ATRACCIONES TIBIDABO<\/h2><\/div><\/div><\/div><\/div><\/section><section class=\"grid-stack-item sea-grid-item  filter_zonas-es\" data-postid=\"1898\" data-gs-x=\"13\" data-gs-y=\"7\" data-gs-width=\"11\" data-gs-height=\"10\" data-tit=\"ANILLO OL\u00cdMPICO\"><div class=\"grid-stack-item-content\"><div class=\"grid-item-inside \" ><div class=\"grid-item-con sea-grid-item-con  post--1898\" ><a href=\"https:\/\/filmacions.bsmsa.cat\/es\/anella\/\"   class=\"grid-item-mask-link\"><\/a><\/div><div class=\"brick-content ux-lazyload-wrap  \" style=\" padding-top: 66.666666666667%;\"><img decoding=\"async\" src=\"data:image\/gif;base64,R0lGODlhAQABAIAAAAAAAP\/\/\/yH5BAEAAAAALAAAAAABAAEAAAIBRAA7\" data-src=\"https:\/\/filmacions.bsmsa.cat\/wp-content\/uploads\/2022\/10\/015_estadi_olimpic_pitch_and_tribunes_barcelona_location_bsm.jpg\" data-srcset=\"\" data-sizes=\"(max-width: 480px) 320px,(max-width: 767px) 500px,(max-width: 1800px) 100vw, 1800px\" alt=\"ANILLO OL\u00cdMPICO\" data-xx=\"11\" class=\"grid-item-img ux-background-img-1st lazy\"><div class=\"grid-item-con-text-show\"><h2 class=\"grid-item-tit\">ANILLO OL\u00cdMPICO<\/h2><\/div><\/div><\/div><\/div><\/section><section class=\"grid-stack-item sea-grid-item  filter_zonas-es\" data-postid=\"1887\" data-gs-x=\"0\" data-gs-y=\"0\" data-gs-width=\"11\" data-gs-height=\"13\" data-tit=\"PARQUE DEL F\u00d3RUM\"><div class=\"grid-stack-item-content\"><div class=\"grid-item-inside \" ><div class=\"grid-item-con sea-grid-item-con  post--1887\" ><a href=\"https:\/\/filmacions.bsmsa.cat\/es\/forum\/\"   class=\"grid-item-mask-link\"><\/a><\/div><div class=\"brick-content ux-lazyload-wrap  \" style=\" padding-top: 66.666666666667%;\"><img decoding=\"async\" src=\"data:image\/gif;base64,R0lGODlhAQABAIAAAAAAAP\/\/\/yH5BAEAAAAALAAAAAABAAEAAAIBRAA7\" data-src=\"https:\/\/filmacions.bsmsa.cat\/wp-content\/uploads\/2022\/10\/011_parc_del_forum_barcelona_location_bsm.jpg\" data-srcset=\"https:\/\/filmacions.bsmsa.cat\/wp-content\/uploads\/2022\/10\/011_parc_del_forum_barcelona_location_bsm.jpg 1800w, https:\/\/filmacions.bsmsa.cat\/wp-content\/uploads\/2022\/10\/011_parc_del_forum_barcelona_location_bsm-arnold-standard-thumb-650x433.jpg 650w, https:\/\/filmacions.bsmsa.cat\/wp-content\/uploads\/2022\/10\/011_parc_del_forum_barcelona_location_bsm-arnold-standard-thumb-medium-1000x667.jpg 1000w\" data-sizes=\"(max-width: 480px) 320px,(max-width: 767px) 500px,(max-width: 1800px) 100vw, 1800px\" alt=\"PARQUE DEL F\u00d3RUM\" data-xx=\"11\" class=\"grid-item-img ux-background-img-1st lazy\"><div class=\"grid-item-con-text-show\"><h2 class=\"grid-item-tit\">PARQUE DEL F\u00d3RUM<\/h2><\/div><\/div><\/div><\/div><\/section><\/div><\/div><\/div><\/div><\/div>","protected":false},"excerpt":{"rendered":"<p>Filmacions BSM Filmacions BSM ofrece las mejores ubicaciones para los &hellip;<\/p>\n","protected":false},"author":1,"featured_media":0,"parent":0,"menu_order":0,"comment_status":"closed","ping_status":"closed","template":"","meta":{"footnotes":""},"class_list":["post-452","page","type-page","status-publish","hentry"],"_links":{"self":[{"href":"https:\/\/filmacions.bsmsa.cat\/es\/wp-json\/wp\/v2\/pages\/452","targetHints":{"allow":["GET"]}}],"collection":[{"href":"https:\/\/filmacions.bsmsa.cat\/es\/wp-json\/wp\/v2\/pages"}],"about":[{"href":"https:\/\/filmacions.bsmsa.cat\/es\/wp-json\/wp\/v2\/types\/page"}],"author":[{"embeddable":true,"href":"https:\/\/filmacions.bsmsa.cat\/es\/wp-json\/wp\/v2\/users\/1"}],"replies":[{"embeddable":true,"href":"https:\/\/filmacions.bsmsa.cat\/es\/wp-json\/wp\/v2\/comments?post=452"}],"version-history":[{"count":3,"href":"https:\/\/filmacions.bsmsa.cat\/es\/wp-json\/wp\/v2\/pages\/452\/revisions"}],"predecessor-version":[{"id":1972,"href":"https:\/\/filmacions.bsmsa.cat\/es\/wp-json\/wp\/v2\/pages\/452\/revisions\/1972"}],"wp:attachment":[{"href":"https:\/\/filmacions.bsmsa.cat\/es\/wp-json\/wp\/v2\/media?parent=452"}],"curies":[{"name":"wp","href":"https:\/\/api.w.org\/{rel}","templated":true}]}}